{"id":1066,"date":"2021-07-09T18:08:19","date_gmt":"2021-07-09T16:08:19","guid":{"rendered":"http:\/\/sommerkino.craftfire.de\/?page_id=708"},"modified":"2025-05-22T19:33:48","modified_gmt":"2025-05-22T17:33:48","slug":"impressum","status":"publish","type":"page","link":"https:\/\/sommerkino-braunschweig.de\/?page_id=1066","title":{"rendered":"Impressum"},"content":{"rendered":"<div class=\"vce-row-container\" data-vce-boxed-width=\"true\"><div class=\"vce-row vce-row--col-gap-0 vce-row-equal-height vce-row-content--middle\" id=\"el-b8fc14a9\" data-vce-do-apply=\"all el-b8fc14a9\"><div class=\"vce-content-background-container\"><\/div><div class=\"vce-row-content\" data-vce-element-content=\"true\"><div class=\"vce-col vce-col--md-20p vce-col--xs-1 vce-col--xs-last vce-col--xs-first vce-col--sm-last vce-col--sm-first vce-col--md-first vce-col--lg-first vce-col--xl-first\" id=\"el-5f26b7ff\"><div class=\"vce-col-inner\" data-vce-do-apply=\"border margin background  el-5f26b7ff\"><div class=\"vce-content-background-container\"><\/div><div class=\"vce-col-content\" data-vce-element-content=\"true\" data-vce-do-apply=\"padding el-5f26b7ff\"><\/div><\/div><\/div><div class=\"vce-col vce-col--md-46-67p vce-col--xs-1 vce-col--xs-last vce-col--xs-first vce-col--sm-last vce-col--sm-first\" id=\"el-d1b4c48a\"><div class=\"vce-col-inner\" data-vce-do-apply=\"border margin background  el-d1b4c48a\"><div class=\"vce-content-background-container\"><\/div><div class=\"vce-col-content\" data-vce-element-content=\"true\" data-vce-do-apply=\"padding el-d1b4c48a\"><div class=\"vce-button--style-basic-container vce-button--style-basic-container--align-left\"><span class=\"vce-button--style-basic-wrapper vce\" id=\"el-4547f506\" data-vce-do-apply=\"margin el-4547f506\"><a class=\"vce-button vce-button--style-basic vce-button--style-basic--border-square vce-button--style-basic--size-medium vce-button--style-basic--color-b-33-33-33--fff\" href=\"http:\/\/sommerkino-braunschweig.de\/\" title=\"\" data-vce-do-apply=\"padding border background  el-4547f506\">Startseite<\/a><\/span><\/div><\/div><\/div><\/div><div class=\"vce-col vce-col--md-auto vce-col--xs-1 vce-col--xs-last vce-col--xs-first vce-col--sm-last vce-col--sm-first vce-col--md-last vce-col--lg-last vce-col--xl-last\" id=\"el-176ae749\"><div class=\"vce-col-inner\" data-vce-do-apply=\"border margin background  el-176ae749\"><div class=\"vce-col-content\" data-vce-element-content=\"true\" data-vce-do-apply=\"padding el-176ae749\"><\/div><\/div><\/div><\/div><\/div><\/div><div class=\"vce-row-container\" data-vce-boxed-width=\"true\"><div class=\"vce-row vce-row--col-gap-0 vce-row-equal-height vce-row-content--middle\" id=\"el-85cb0104\" data-vce-do-apply=\"all el-85cb0104\"><div class=\"vce-content-background-container\"><\/div><div class=\"vce-row-content\" data-vce-element-content=\"true\"><div class=\"vce-col vce-col--md-20p vce-col--xs-1 vce-col--xs-last vce-col--xs-first vce-col--sm-last vce-col--sm-first vce-col--md-first vce-col--lg-first vce-col--xl-first\" id=\"el-073077bc\"><div class=\"vce-col-inner\" data-vce-do-apply=\"border margin background  el-073077bc\"><div class=\"vce-content-background-container\"><\/div><div class=\"vce-col-content\" data-vce-element-content=\"true\" data-vce-do-apply=\"padding el-073077bc\"><\/div><\/div><\/div><div class=\"vce-col vce-col--md-46-67p vce-col--xs-1 vce-col--xs-last vce-col--xs-first vce-col--sm-last vce-col--sm-first\" id=\"el-b7b38b64\"><div class=\"vce-col-inner\" data-vce-do-apply=\"border margin background  el-b7b38b64\"><div class=\"vce-content-background-container\"><\/div><div class=\"vce-col-content\" data-vce-element-content=\"true\" data-vce-do-apply=\"padding el-b7b38b64\"><div class=\"vce-text-block\"><div class=\"vce-text-block-wrapper vce\" id=\"el-21fd4010\" data-vce-do-apply=\"all el-21fd4010\"><span style=\"font-family: Comfortaa; font-weight: 500; font-style: normal; font-size: 24pt; letter-spacing: inherit; margin-left: 0px;\">Impressum<\/span><\/div><\/div><\/div><\/div><\/div><div class=\"vce-col vce-col--md-auto vce-col--xs-1 vce-col--xs-last vce-col--xs-first vce-col--sm-last vce-col--sm-first vce-col--md-last vce-col--lg-last vce-col--xl-last\" id=\"el-273817e5\"><div class=\"vce-col-inner\" data-vce-do-apply=\"border margin background  el-273817e5\"><div class=\"vce-col-content\" data-vce-element-content=\"true\" data-vce-do-apply=\"padding el-273817e5\"><\/div><\/div><\/div><\/div><\/div><\/div><div class=\"vce-row-container\" data-vce-boxed-width=\"true\"><div class=\"vce-row vce-row--col-gap-30 vce-row-equal-height vce-row-content--top\" id=\"el-93f1c40a\" data-vce-do-apply=\"all el-93f1c40a\"><div class=\"vce-row-content\" data-vce-element-content=\"true\"><div class=\"vce-col vce-col--md-20p vce-col--xs-1 vce-col--xs-last vce-col--xs-first vce-col--sm-last vce-col--sm-first vce-col--md-first vce-col--lg-first vce-col--xl-first\" id=\"el-cc4fdffc\"><div class=\"vce-col-inner\" data-vce-do-apply=\"border margin background  el-cc4fdffc\"><div class=\"vce-col-content\" data-vce-element-content=\"true\" data-vce-do-apply=\"padding el-cc4fdffc\"><\/div><\/div><\/div><div class=\"vce-col vce-col--md-60p vce-col--xs-1 vce-col--xs-last vce-col--xs-first vce-col--sm-last vce-col--sm-first vce-col--md-last vce-col--lg-last vce-col--xl-last\" id=\"el-5ccc33a3\"><div class=\"vce-col-inner\" data-vce-do-apply=\"border margin background  el-5ccc33a3\"><div class=\"vce-col-content\" data-vce-element-content=\"true\" data-vce-do-apply=\"padding el-5ccc33a3\"><div class=\"vce-text-block\"><div class=\"vce-text-block-wrapper vce\" id=\"el-b0b8119e\" data-vce-do-apply=\"all el-b0b8119e\"><p style=\"border: 0px; font-family: Lora, Georgia, serif; font-size: 13px; margin-right: 0px; margin-bottom: 20px; margin-left: 0px; outline: 0px; padding: 0px; vertical-align: baseline; color: #404040;\"><span style=\"font-size: 12pt;\"><strong style=\"border: 0px; font-style: inherit; font-weight: bold; margin: 0px; outline: 0px; padding: 0px; vertical-align: baseline;\">Angaben gem\u00e4\u00df \u00a7 5 TMG:<\/strong><\/span><\/p><p style=\"border: 0px; font-family: Lora, Georgia, serif; font-size: 13px; margin-right: 0px; margin-bottom: 20px; margin-left: 0px; outline: 0px; padding: 0px; vertical-align: baseline; color: #404040;\"><span style=\"font-size: 12pt;\"><strong style=\"border: 0px; font-style: inherit; font-weight: bold; margin: 0px; outline: 0px; padding: 0px; vertical-align: baseline;\">Postanschrift:<\/strong><\/span><\/p><p style=\"border: 0px; font-family: Lora, Georgia, serif; font-size: 13px; margin-right: 10px; margin-bottom: 20px; margin-left: 0px; outline: 0px; padding: 0px; vertical-align: baseline; color: #404040;\"><span style=\"font-size: 12pt;\">Sommerkino Braunschweig e.V.<\/span><br><span style=\"font-size: 12pt;\">Institut f\u00fcr Medienforschung (IMF)<\/span><br><span style=\"font-size: 12pt;\">Hochschule f\u00fcr Bildende K\u00fcnste Braunschweig (HBK)<\/span><br><span style=\"font-size: 12pt;\">Postfach 25 38<\/span><br><span style=\"font-size: 12pt;\">38015 Braunschweig<\/span><\/p><p style=\"border: 0px; font-family: Lora, Georgia, serif; font-size: 13px; margin-right: 0px; margin-bottom: 20px; margin-left: 0px; outline: 0px; padding: 0px; vertical-align: baseline; color: #404040;\"><span style=\"font-size: 12pt;\"><strong style=\"border: 0px; font-style: inherit; font-weight: bold; margin: 0px; outline: 0px; padding: 0px; vertical-align: baseline;\">Vertreten durch:<\/strong><\/span><\/p><p style=\"border: 0px; font-family: Lora, Georgia, serif; font-size: 13px; margin-right: 10px; margin-bottom: 20px; margin-left: 0px; outline: 0px; padding: 0px; vertical-align: baseline; color: #404040;\"><span style=\"font-family: Lora, Georgia, serif; font-size: 12pt;\">Nicole Funke<\/span><br><span style=\"font-size: 12pt;\">Simon B\u00fcttner<\/span><\/p><p style=\"border: 0px; font-family: Lora, Georgia, serif; font-size: 13px; margin-right: 0px; margin-bottom: 20px; margin-left: 0px; outline: 0px; padding: 0px; vertical-align: baseline; color: #404040;\"><span style=\"font-size: 12pt;\"><strong style=\"border: 0px; font-style: inherit; font-weight: bold; margin: 0px; outline: 0px; padding: 0px; vertical-align: baseline;\">Kontakt:<\/strong><\/span><\/p><p style=\"border: 0px; font-family: Lora, Georgia, serif; font-size: 13px; margin-right: 0px; margin-bottom: 20px; margin-left: 0px; outline: 0px; padding: 0px; vertical-align: baseline; color: #404040;\"><span style=\"font-size: 12pt;\">kinosommer@googlemail.com<\/span><\/p><p style=\"border: 0px; font-family: Lora, Georgia, serif; font-size: 13px; margin-right: 0px; margin-bottom: 20px; margin-left: 0px; outline: 0px; padding: 0px; vertical-align: baseline; color: #404040;\"><span style=\"font-size: 12pt;\"><strong style=\"border: 0px; font-style: inherit; font-weight: bold; margin: 0px; outline: 0px; padding: 0px; vertical-align: baseline;\">Registereintrag:<\/strong><\/span><\/p><p style=\"border: 0px; font-family: Lora, Georgia, serif; font-size: 13px; margin-right: 0px; margin-bottom: 20px; margin-left: 0px; outline: 0px; padding: 0px; vertical-align: baseline; color: #404040;\"><span style=\"font-size: 12pt;\">Eintragung im Vereinsregister.<\/span><br><span style=\"font-size: 12pt;\">Registergericht: Amtsgericht Braunschweig<\/span><br><span style=\"font-size: 12pt;\">Registernummer: 201042<\/span><\/p><p style=\"border: 0px; font-family: Lora, Georgia, serif; font-size: 13px; margin-right: 0px; margin-bottom: 20px; margin-left: 0px; outline: 0px; padding: 0px; vertical-align: baseline; color: #404040;\"><span style=\"font-size: 12pt;\"><strong style=\"border: 0px; font-style: inherit; font-weight: bold; margin: 0px; outline: 0px; padding: 0px; vertical-align: baseline;\">Umsatzsteuer-ID:<\/strong><\/span><\/p><p style=\"border: 0px; font-family: Lora, Georgia, serif; font-size: 13px; margin-right: 0px; margin-bottom: 20px; margin-left: 0px; outline: 0px; padding: 0px; vertical-align: baseline; color: #404040;\"><span style=\"font-size: 12pt;\">Umsatzsteuer-Identifikationsnummer gem\u00e4\u00df \u00a727 a Umsatzsteuergesetz: 14\/208\/03961<\/span><\/p><p style=\"border: 0px; font-family: Lora, Georgia, serif; font-size: 13px; margin-right: 0px; margin-bottom: 20px; margin-left: 0px; outline: 0px; padding: 0px; vertical-align: baseline; color: #404040;\"><span style=\"font-size: 12pt;\"><strong style=\"border: 0px; font-style: inherit; font-weight: bold; margin: 0px; outline: 0px; padding: 0px; vertical-align: baseline;\">Verantwortlich f\u00fcr den Inhalt nach \u00a7 55 Abs. 2 RStV:<\/strong><\/span><\/p><p style=\"border: 0px; font-family: Lora, Georgia, serif; font-size: 13px; margin-right: 0px; margin-bottom: 20px; margin-left: 0px; outline: 0px; padding: 0px; vertical-align: baseline; color: #404040;\"><span style=\"font-size: 12pt;\">Lars Sammler<\/span><br><span style=\"font-size: 12pt;\">Han Thuy Pham<\/span><br><span style=\"font-size: 12pt;\">Diane Andree<\/span><\/p><p style=\"border: 0px; font-family: Lora, Georgia, serif; font-size: 13px; margin-right: 0px; margin-bottom: 20px; margin-left: 0px; outline: 0px; padding: 0px; vertical-align: baseline; color: #404040;\"><span style=\"font-size: 12pt;\"><strong style=\"border: 0px; font-style: inherit; font-weight: bold; margin: 0px; outline: 0px; padding: 0px; vertical-align: baseline;\">Quellenangaben f\u00fcr die verwendeten Bilder und Grafiken:<\/strong><\/span><\/p><p style=\"border: 0px; font-family: Lora, Georgia, serif; font-size: 13px; margin-right: 0px; margin-bottom: 20px; margin-left: 0px; outline: 0px; padding: 0px; vertical-align: baseline; color: #404040;\"><span style=\"font-size: 12pt;\">Jannes Ulbrich (Sommerkino-Logo, Sponsorentafel)<\/span><\/p><p style=\"border: 0px; font-family: Lora, Georgia, serif; font-size: 13px; margin-right: 0px; margin-bottom: 20px; margin-left: 0px; outline: 0px; padding: 0px; vertical-align: baseline; color: #404040;\"><span style=\"font-size: 12pt;\"><strong style=\"border: 0px; font-style: inherit; font-weight: bold; margin: 0px; outline: 0px; padding: 0px; vertical-align: baseline;\">Haftungsausschluss:<\/strong><\/span><\/p><p style=\"border: 0px; font-family: Lora, Georgia, serif; font-size: 13px; margin-right: 0px; margin-bottom: 20px; margin-left: 0px; outline: 0px; padding: 0px; vertical-align: baseline; color: #404040;\"><span style=\"font-size: 12pt;\"><em style=\"border: 0px; font-weight: inherit; margin: 0px; outline: 0px; padding: 0px; vertical-align: baseline;\">Haftung f\u00fcr Inhalte<\/em><\/span><\/p><p style=\"border: 0px; font-family: Lora, Georgia, serif; font-size: 13px; margin-right: 0px; margin-bottom: 20px; margin-left: 0px; outline: 0px; padding: 0px; vertical-align: baseline; color: #404040;\"><span style=\"font-size: 12pt;\">Die Inhalte unserer Seiten wurden mit gr\u00f6\u00dfter Sorgfalt erstellt. F\u00fcr die Richtigkeit, Vollst\u00e4ndigkeit und Aktualit\u00e4t der Inhalte k\u00f6nnen wir jedoch keine Gew\u00e4hr \u00fcbernehmen. Als Diensteanbieter sind wir gem\u00e4\u00df \u00a7 7 Abs.1 TMG f\u00fcr eigene Inhalte auf diesen Seiten nach den allgemeinen Gesetzen verantwortlich. Nach \u00a7\u00a7 8 bis 10 TMG sind wir als Diensteanbieter jedoch nicht verpflichtet, \u00fcbermittelte oder gespeicherte fremde Informationen zu \u00fcberwachen oder nach Umst\u00e4nden zu forschen, die auf eine rechtswidrige T\u00e4tigkeit hinweisen. Verpflichtungen zur Entfernung oder Sperrung der Nutzung von Informationen nach den allgemeinen Gesetzen bleiben hiervon unber\u00fchrt. Eine diesbez\u00fcgliche Haftung ist jedoch erst ab dem Zeitpunkt der Kenntnis einer konkreten Rechtsverletzung m\u00f6glich. Bei Bekanntwerden von entsprechenden Rechtsverletzungen werden wir diese Inhalte umgehend entfernen.<\/span><\/p><p style=\"border: 0px; font-family: Lora, Georgia, serif; font-size: 13px; margin-right: 0px; margin-bottom: 20px; margin-left: 0px; outline: 0px; padding: 0px; vertical-align: baseline; color: #404040;\"><span style=\"font-size: 12pt;\"><em style=\"border: 0px; font-weight: inherit; margin: 0px; outline: 0px; padding: 0px; vertical-align: baseline;\">Haftung f\u00fcr Links<\/em><\/span><\/p><p style=\"border: 0px; font-family: Lora, Georgia, serif; font-size: 13px; margin-right: 0px; margin-bottom: 20px; margin-left: 0px; outline: 0px; padding: 0px; vertical-align: baseline; color: #404040;\"><span style=\"font-size: 12pt;\">Unser Angebot enth\u00e4lt Links zu externen Webseiten Dritter, auf deren Inhalte wir keinen Einfluss haben. Deshalb k\u00f6nnen wir f\u00fcr diese fremden Inhalte auch keine Gew\u00e4hr \u00fcbernehmen. F\u00fcr die Inhalte der verlinkten Seiten ist stets der jeweilige Anbieter oder Betreiber der Seiten verantwortlich. Die verlinkten Seiten wurden zum Zeitpunkt der Verlinkung auf m\u00f6gliche Rechtsverst\u00f6\u00dfe \u00fcberpr\u00fcft. Rechtswidrige Inhalte waren zum Zeitpunkt der Verlinkung nicht erkennbar. Eine permanente inhaltliche Kontrolle der verlinkten Seiten ist jedoch ohne konkrete Anhaltspunkte einer Rechtsverletzung nicht zumutbar. Bei Bekanntwerden von Rechtsverletzungen werden wir derartige Links umgehend entfernen.<\/span><\/p><p style=\"border: 0px; font-family: Lora, Georgia, serif; font-size: 13px; margin-right: 0px; margin-bottom: 20px; margin-left: 0px; outline: 0px; padding: 0px; vertical-align: baseline; color: #404040;\"><span style=\"font-size: 12pt;\"><em style=\"border: 0px; font-weight: inherit; margin: 0px; outline: 0px; padding: 0px; vertical-align: baseline;\">Urheberrecht<\/em><\/span><\/p><p style=\"border: 0px; font-family: Lora, Georgia, serif; font-size: 13px; margin-right: 0px; margin-bottom: 20px; margin-left: 0px; outline: 0px; padding: 0px; vertical-align: baseline; color: #404040;\"><span style=\"font-size: 12pt;\">Die durch die Seitenbetreiber erstellten Inhalte und Werke auf diesen Seiten unterliegen dem deutschen Urheberrecht. Die Vervielf\u00e4ltigung, Bearbeitung, Verbreitung und jede Art der Verwertung au\u00dferhalb der Grenzen des Urheberrechtes bed\u00fcrfen der schriftlichen Zustimmung des jeweiligen Autors bzw. Erstellers. Downloads und Kopien dieser Seite sind nur f\u00fcr den privaten, nicht kommerziellen Gebrauch gestattet. Soweit die Inhalte auf dieser Seite nicht vom Betreiber erstellt wurden, werden die Urheberrechte Dritter beachtet. Insbesondere werden Inhalte Dritter als solche gekennzeichnet. Sollten Sie trotzdem auf eine Urheberrechtsverletzung aufmerksam werden, bitten wir um einen entsprechenden Hinweis. Bei Bekanntwerden von Rechtsverletzungen werden wir derartige Inhalte umgehend entfernen.<\/span><\/p><\/div><\/div><\/div><\/div><\/div><div class=\"vce-col vce-col--md-20-34p vce-col--xs-1 vce-col--xs-last vce-col--xs-first vce-col--sm-last vce-col--sm-first vce-col--md-last vce-col--lg-last vce-col--xl-last vce-col--md-first vce-col--lg-first vce-col--xl-first\" id=\"el-7eda095f\"><div class=\"vce-col-inner\" data-vce-do-apply=\"border margin background  el-7eda095f\"><div class=\"vce-col-content\" data-vce-element-content=\"true\" data-vce-do-apply=\"padding el-7eda095f\"><\/div><\/div><\/div><\/div><\/div><\/div>\n","protected":false},"excerpt":{"rendered":"<p>StartseiteImpressumAngaben gem\u00e4\u00df \u00a7 5 TMG:Postanschrift:Sommerkino Braunschweig e.V.Institut f\u00fcr Medienforschung (IMF)Hochschule f\u00fcr Bildende K\u00fcnste Braunschweig (HBK)Postfach 25 3838015 BraunschweigVertreten durch:Nicole FunkeSimon B\u00fcttnerKontakt:kinosommer@googlemail.comRegistereintrag:Eintragung im Vereinsregister.Registergericht: Amtsgericht BraunschweigRegisternummer: 201042Umsatzsteuer-ID:Umsatzsteuer-Identifikationsnummer gem\u00e4\u00df \u00a727 a Umsatzsteuergesetz: 14\/208\/03961Verantwortlich f\u00fcr den Inhalt nach \u00a7 55 Abs. 2 RStV:Lars SammlerHan Thuy PhamDiane AndreeQuellenangaben f\u00fcr die verwendeten Bilder und Grafiken:Jannes Ulbrich (Sommerkino-Logo, Sponsorentafel)Haftungsausschluss:Haftung f\u00fcr InhalteDie [&#8230;]<\/p>\n<p><a class=\"btn btn-secondary understrap-read-more-link\" href=\"https:\/\/sommerkino-braunschweig.de\/?page_id=1066\">Weiterlesen&#8230;<\/a><\/p>\n","protected":false},"author":10,"featured_media":0,"parent":0,"menu_order":0,"comment_status":"closed","ping_status":"closed","template":"page-templates\/empty.php","meta":{"_acf_changed":false,"footnotes":""},"class_list":["post-1066","page","type-page","status-publish","hentry"],"acf":[],"_links":{"self":[{"href":"https:\/\/sommerkino-braunschweig.de\/index.php?rest_route=\/wp\/v2\/pages\/1066","targetHints":{"allow":["GET"]}}],"collection":[{"href":"https:\/\/sommerkino-braunschweig.de\/index.php?rest_route=\/wp\/v2\/pages"}],"about":[{"href":"https:\/\/sommerkino-braunschweig.de\/index.php?rest_route=\/wp\/v2\/types\/page"}],"author":[{"embeddable":true,"href":"https:\/\/sommerkino-braunschweig.de\/index.php?rest_route=\/wp\/v2\/users\/10"}],"replies":[{"embeddable":true,"href":"https:\/\/sommerkino-braunschweig.de\/index.php?rest_route=%2Fwp%2Fv2%2Fcomments&post=1066"}],"version-history":[{"count":21,"href":"https:\/\/sommerkino-braunschweig.de\/index.php?rest_route=\/wp\/v2\/pages\/1066\/revisions"}],"predecessor-version":[{"id":9235,"href":"https:\/\/sommerkino-braunschweig.de\/index.php?rest_route=\/wp\/v2\/pages\/1066\/revisions\/9235"}],"wp:attachment":[{"href":"https:\/\/sommerkino-braunschweig.de\/index.php?rest_route=%2Fwp%2Fv2%2Fmedia&parent=1066"}],"curies":[{"name":"wp","href":"https:\/\/api.w.org\/{rel}","templated":true}]}}